{"id":23,"date":"2025-05-07T14:38:58","date_gmt":"2025-05-07T14:38:58","guid":{"rendered":"https:\/\/marekpietkiewicz.pl\/index.php\/services\/"},"modified":"2025-06-10T20:18:07","modified_gmt":"2025-06-10T20:18:07","slug":"szkolenia","status":"publish","type":"page","link":"https:\/\/marekpietkiewicz.pl\/index.php\/szkolenia\/","title":{"rendered":"Szkolenia"},"content":{"rendered":"\t\t<div data-elementor-type=\"wp-page\" data-elementor-id=\"23\" class=\"elementor elementor-23\">\n\t\t\t\t<div class=\"elementor-element elementor-element-1e3b3f9 e-con-full e-flex e-con e-parent\" data-id=\"1e3b3f9\" data-element_type=\"container\" data-e-type=\"container\">\n\t\t\t\t<div class=\"elementor-element elementor-element-afd30e0 elementor-widget elementor-widget-heading\" data-id=\"afd30e0\" data-element_type=\"widget\" data-e-type=\"widget\" data-widget_type=\"heading.default\">\n\t\t\t\t<div class=\"elementor-widget-container\">\n\t\t\t\t\t<h2 class=\"elementor-heading-title elementor-size-default\">Oferta szkoleniowa<\/h2>\t\t\t\t<\/div>\n\t\t\t\t<\/div>\n\t\t<div class=\"elementor-element elementor-element-cddea8f e-con-full e-flex e-con e-child\" data-id=\"cddea8f\" data-element_type=\"container\" data-e-type=\"container\">\n\t\t<div class=\"elementor-element elementor-element-c2f6bd4 e-con-full e-flex e-con e-child\" data-id=\"c2f6bd4\" data-element_type=\"container\" data-e-type=\"container\">\n\t\t\t\t<div class=\"elementor-element elementor-element-eabee9c elementor-position-top elementor-widget elementor-widget-image-box\" data-id=\"eabee9c\" data-element_type=\"widget\" data-e-type=\"widget\" data-widget_type=\"image-box.default\">\n\t\t\t\t<div class=\"elementor-widget-container\">\n\t\t\t\t\t<div class=\"elementor-image-box-wrapper\"><figure class=\"elementor-image-box-img\"><img fetchpriority=\"high\" decoding=\"async\" width=\"512\" height=\"512\" src=\"https:\/\/marekpietkiewicz.pl\/wp-content\/uploads\/2025\/05\/zarzadzanie-szkolenie.png\" class=\"attachment-full size-full wp-image-170\" alt=\"\" srcset=\"https:\/\/marekpietkiewicz.pl\/wp-content\/uploads\/2025\/05\/zarzadzanie-szkolenie.png 512w, https:\/\/marekpietkiewicz.pl\/wp-content\/uploads\/2025\/05\/zarzadzanie-szkolenie-300x300.png 300w, https:\/\/marekpietkiewicz.pl\/wp-content\/uploads\/2025\/05\/zarzadzanie-szkolenie-150x150.png 150w\" sizes=\"(max-width: 512px) 100vw, 512px\" \/><\/figure><div class=\"elementor-image-box-content\"><h3 class=\"elementor-image-box-title\">Sprzeda\u017c negocjacje<\/h3><p class=\"elementor-image-box-description\"> \ud83d\udd35 Techniki sprzeda\u017cy\n<br \/>\n \ud83d\udd35 Sztuka perswazji\n<br \/>\n \ud83d\udd35 Negocjacje handlowe\n<br \/>\n \ud83d\udd35 Obs\u0142uga klienta\n<br \/>\n \ud83d\udd35 Customer Experience<\/p><\/div><\/div>\t\t\t\t<\/div>\n\t\t\t\t<\/div>\n\t\t\t\t<\/div>\n\t\t<div class=\"elementor-element elementor-element-d92129e e-con-full e-flex e-con e-child\" data-id=\"d92129e\" data-element_type=\"container\" data-e-type=\"container\">\n\t\t\t\t<div class=\"elementor-element elementor-element-1eadda5 elementor-position-top elementor-widget elementor-widget-image-box\" data-id=\"1eadda5\" data-element_type=\"widget\" data-e-type=\"widget\" data-widget_type=\"image-box.default\">\n\t\t\t\t<div class=\"elementor-widget-container\">\n\t\t\t\t\t<div class=\"elementor-image-box-wrapper\"><figure class=\"elementor-image-box-img\"><img decoding=\"async\" width=\"512\" height=\"512\" src=\"https:\/\/marekpietkiewicz.pl\/wp-content\/uploads\/2025\/05\/sprzedaz-szkolenia.png\" class=\"attachment-full size-full wp-image-167\" alt=\"\" srcset=\"https:\/\/marekpietkiewicz.pl\/wp-content\/uploads\/2025\/05\/sprzedaz-szkolenia.png 512w, https:\/\/marekpietkiewicz.pl\/wp-content\/uploads\/2025\/05\/sprzedaz-szkolenia-300x300.png 300w, https:\/\/marekpietkiewicz.pl\/wp-content\/uploads\/2025\/05\/sprzedaz-szkolenia-150x150.png 150w\" sizes=\"(max-width: 512px) 100vw, 512px\" \/><\/figure><div class=\"elementor-image-box-content\"><h3 class=\"elementor-image-box-title\">Zarz\u0105dzanie przyw\u00f3dztwo<\/h3><p class=\"elementor-image-box-description\"> \ud83d\udd35 Zarz\u0105dzanie zespo\u0142em\n<br \/>\n \ud83d\udd35 Rozw\u00f3j kompetencji Lidera\n<br \/>\n \ud83d\udd35 Motywowanie i inspirowanie\n<br \/>\n \ud83d\udd35 Komunikacja w zespole\n<br \/>\n \ud83d\udd35 Rozwi\u0105zywanie konflikt\u00f3w\n<br \/>\n\n<\/p><\/div><\/div>\t\t\t\t<\/div>\n\t\t\t\t<\/div>\n\t\t\t\t<\/div>\n\t\t<div class=\"elementor-element elementor-element-0a6f5f9 e-con-full e-flex e-con e-child\" data-id=\"0a6f5f9\" data-element_type=\"container\" data-e-type=\"container\">\n\t\t\t\t<div class=\"elementor-element elementor-element-47e400a elementor-position-top elementor-widget elementor-widget-image-box\" data-id=\"47e400a\" data-element_type=\"widget\" data-e-type=\"widget\" data-widget_type=\"image-box.default\">\n\t\t\t\t<div class=\"elementor-widget-container\">\n\t\t\t\t\t<div class=\"elementor-image-box-wrapper\"><figure class=\"elementor-image-box-img\"><img decoding=\"async\" width=\"512\" height=\"512\" src=\"https:\/\/marekpietkiewicz.pl\/wp-content\/uploads\/2025\/05\/wystapienia-publiczne-szkolenie.png\" class=\"attachment-full size-full wp-image-169\" alt=\"\" srcset=\"https:\/\/marekpietkiewicz.pl\/wp-content\/uploads\/2025\/05\/wystapienia-publiczne-szkolenie.png 512w, https:\/\/marekpietkiewicz.pl\/wp-content\/uploads\/2025\/05\/wystapienia-publiczne-szkolenie-300x300.png 300w, https:\/\/marekpietkiewicz.pl\/wp-content\/uploads\/2025\/05\/wystapienia-publiczne-szkolenie-150x150.png 150w\" sizes=\"(max-width: 512px) 100vw, 512px\" \/><\/figure><div class=\"elementor-image-box-content\"><h3 class=\"elementor-image-box-title\">Komunikacja wyst\u0105pienia<\/h3><p class=\"elementor-image-box-description\"> \ud83d\udd35 Wyst\u0105pienia publiczne\n<br \/>\n  \ud83d\udd35 Autoprezentacja i budowanie wizerunku\n<br \/>\n\ud83d\udd35 Asertywno\u015b\u0107 i komunikacja interpersonalna\n\n<\/p><\/div><\/div>\t\t\t\t<\/div>\n\t\t\t\t<\/div>\n\t\t\t\t<\/div>\n\t\t<div class=\"elementor-element elementor-element-f9b6c36 e-con-full e-flex e-con e-child\" data-id=\"f9b6c36\" data-element_type=\"container\" data-e-type=\"container\">\n\t\t\t\t<div class=\"elementor-element elementor-element-042a477 elementor-position-top elementor-widget elementor-widget-image-box\" data-id=\"042a477\" data-element_type=\"widget\" data-e-type=\"widget\" data-widget_type=\"image-box.default\">\n\t\t\t\t<div class=\"elementor-widget-container\">\n\t\t\t\t\t<div class=\"elementor-image-box-wrapper\"><figure class=\"elementor-image-box-img\"><img loading=\"lazy\" decoding=\"async\" width=\"512\" height=\"512\" src=\"https:\/\/marekpietkiewicz.pl\/wp-content\/uploads\/2025\/05\/szkolenia-szyte-na-miare.png\" class=\"attachment-full size-full wp-image-168\" alt=\"\" srcset=\"https:\/\/marekpietkiewicz.pl\/wp-content\/uploads\/2025\/05\/szkolenia-szyte-na-miare.png 512w, https:\/\/marekpietkiewicz.pl\/wp-content\/uploads\/2025\/05\/szkolenia-szyte-na-miare-300x300.png 300w, https:\/\/marekpietkiewicz.pl\/wp-content\/uploads\/2025\/05\/szkolenia-szyte-na-miare-150x150.png 150w\" sizes=\"(max-width: 512px) 100vw, 512px\" \/><\/figure><div class=\"elementor-image-box-content\"><h3 class=\"elementor-image-box-title\">Szkolenia szyte na miar\u0119, Audyty pracownicze<\/h3><p class=\"elementor-image-box-description\"> \ud83d\udd35 Dedykowane szkolenia\n<br \/>\n \ud83d\udd35 Praca na realnych case\u2019ach \n<br \/>\n\ud83d\udd35 Badanie opinii pracownik\u00f3w (poziom satysfakcji z pracy)\n<br \/>\n\ud83d\udd35 Badanie kompetencji zawodowych<\/p><\/div><\/div>\t\t\t\t<\/div>\n\t\t\t\t<\/div>\n\t\t\t\t<\/div>\n\t\t\t\t<\/div>\n\t\t\t\t<\/div>\n\t\t<div class=\"elementor-element elementor-element-7868886 e-flex e-con-boxed e-con e-parent\" data-id=\"7868886\" data-element_type=\"container\" data-e-type=\"container\">\n\t\t\t\t\t<div class=\"e-con-inner\">\n\t\t\t\t<div class=\"elementor-element elementor-element-40f8ee4 elementor-widget-divider--view-line elementor-widget elementor-widget-divider\" data-id=\"40f8ee4\" data-element_type=\"widget\" data-e-type=\"widget\" data-widget_type=\"divider.default\">\n\t\t\t\t<div class=\"elementor-widget-container\">\n\t\t\t\t\t\t\t<div class=\"elementor-divider\">\n\t\t\t<span class=\"elementor-divider-separator\">\n\t\t\t\t\t\t<\/span>\n\t\t<\/div>\n\t\t\t\t\t\t<\/div>\n\t\t\t\t<\/div>\n\t\t\t\t<div class=\"elementor-element elementor-element-40e9be10 elementor-widget elementor-widget-heading\" data-id=\"40e9be10\" data-element_type=\"widget\" data-e-type=\"widget\" data-widget_type=\"heading.default\">\n\t\t\t\t<div class=\"elementor-widget-container\">\n\t\t\t\t\t<h3 class=\"elementor-heading-title elementor-size-default\">Na co stawiam<\/h3>\t\t\t\t<\/div>\n\t\t\t\t<\/div>\n\t\t\t\t<div class=\"elementor-element elementor-element-9dc919a elementor-widget__width-initial elementor-widget elementor-widget-text-editor\" data-id=\"9dc919a\" data-element_type=\"widget\" data-e-type=\"widget\" data-widget_type=\"text-editor.default\">\n\t\t\t\t<div class=\"elementor-widget-container\">\n\t\t\t\t\t\t\t\t\t<p>&#8230; dzi\u015b Wiedza, Do\u015bwiadczenie, Kompetencje to za ma\u0142o&#8230; wa\u017cniejsze POSTAWA, NASTAWIENIE, ZAANGA\u017bOWANIE<\/p>\t\t\t\t\t\t\t\t<\/div>\n\t\t\t\t<\/div>\n\t\t\t\t<div class=\"elementor-element elementor-element-1d354ac1 elementor-align-center elementor-invisible elementor-widget elementor-widget-button\" data-id=\"1d354ac1\" data-element_type=\"widget\" data-e-type=\"widget\" data-settings=\"{&quot;_animation&quot;:&quot;fadeInDown&quot;}\" data-widget_type=\"button.default\">\n\t\t\t\t<div class=\"elementor-widget-container\">\n\t\t\t\t\t\t\t\t\t<div class=\"elementor-button-wrapper\">\n\t\t\t\t\t<a class=\"elementor-button elementor-button-link elementor-size-sm\" href=\"https:\/\/marekpietkiewicz.pl\/index.php\/kontakt\/\">\n\t\t\t\t\t\t<span class=\"elementor-button-content-wrapper\">\n\t\t\t\t\t\t\t\t\t<span class=\"elementor-button-text\">Skontaktuj si\u0119 ze mn\u0105<\/span>\n\t\t\t\t\t<\/span>\n\t\t\t\t\t<\/a>\n\t\t\t\t<\/div>\n\t\t\t\t\t\t\t\t<\/div>\n\t\t\t\t<\/div>\n\t\t\t\t\t<\/div>\n\t\t\t\t<\/div>\n\t\t\t\t<\/div>\n\t\t","protected":false},"excerpt":{"rendered":"<p>Oferta szkoleniowa Sprzeda\u017c negocjacje \ud83d\udd35 Techniki sprzeda\u017cy \ud83d\udd35 Sztuka perswazji \ud83d\udd35 Negocjacje handlowe \ud83d\udd35 Obs\u0142uga klienta \ud83d\udd35 Customer Experience Zarz\u0105dzanie przyw\u00f3dztwo \ud83d\udd35 Zarz\u0105dzanie zespo\u0142em \ud83d\udd35 Rozw\u00f3j kompetencji Lidera \ud83d\udd35 Motywowanie i inspirowanie \ud83d\udd35 Komunikacja w zespole \ud83d\udd35 Rozwi\u0105zywanie konflikt\u00f3w Komunikacja wyst\u0105pienia \ud83d\udd35 Wyst\u0105pienia publiczne \ud83d\udd35 Autoprezentacja i budowanie wizerunku \ud83d\udd35 Asertywno\u015b\u0107 i komunikacja interpersonalna Szkolenia [&hellip;]<\/p>\n","protected":false},"author":1,"featured_media":0,"parent":0,"menu_order":0,"comment_status":"closed","ping_status":"closed","template":"elementor_header_footer","meta":{"footnotes":""},"class_list":["post-23","page","type-page","status-publish","hentry"],"_links":{"self":[{"href":"https:\/\/marekpietkiewicz.pl\/index.php\/wp-json\/wp\/v2\/pages\/23","targetHints":{"allow":["GET"]}}],"collection":[{"href":"https:\/\/marekpietkiewicz.pl\/index.php\/wp-json\/wp\/v2\/pages"}],"about":[{"href":"https:\/\/marekpietkiewicz.pl\/index.php\/wp-json\/wp\/v2\/types\/page"}],"author":[{"embeddable":true,"href":"https:\/\/marekpietkiewicz.pl\/index.php\/wp-json\/wp\/v2\/users\/1"}],"replies":[{"embeddable":true,"href":"https:\/\/marekpietkiewicz.pl\/index.php\/wp-json\/wp\/v2\/comments?post=23"}],"version-history":[{"count":65,"href":"https:\/\/marekpietkiewicz.pl\/index.php\/wp-json\/wp\/v2\/pages\/23\/revisions"}],"predecessor-version":[{"id":386,"href":"https:\/\/marekpietkiewicz.pl\/index.php\/wp-json\/wp\/v2\/pages\/23\/revisions\/386"}],"wp:attachment":[{"href":"https:\/\/marekpietkiewicz.pl\/index.php\/wp-json\/wp\/v2\/media?parent=23"}],"curies":[{"name":"wp","href":"https:\/\/api.w.org\/{rel}","templated":true}]}}