{"id":26,"date":"2025-05-07T14:38:58","date_gmt":"2025-05-07T14:38:58","guid":{"rendered":"https:\/\/marekpietkiewicz.pl\/index.php\/about\/"},"modified":"2025-06-10T20:32:40","modified_gmt":"2025-06-10T20:32:40","slug":"o-mnie","status":"publish","type":"page","link":"https:\/\/marekpietkiewicz.pl\/index.php\/o-mnie\/","title":{"rendered":"O mnie"},"content":{"rendered":"\t\t<div data-elementor-type=\"wp-page\" data-elementor-id=\"26\" class=\"elementor elementor-26\">\n\t\t\t\t<div class=\"elementor-element elementor-element-2ec9d630 e-con-full e-flex e-con e-parent\" data-id=\"2ec9d630\" data-element_type=\"container\" data-e-type=\"container\">\n\t\t<div class=\"elementor-element elementor-element-496edb39 e-con-full e-flex e-con e-child\" data-id=\"496edb39\" data-element_type=\"container\" data-e-type=\"container\">\n\t\t\t\t<div class=\"elementor-element elementor-element-3353e39a elementor-widget elementor-widget-heading\" data-id=\"3353e39a\" data-element_type=\"widget\" data-e-type=\"widget\" data-widget_type=\"heading.default\">\n\t\t\t\t<div class=\"elementor-widget-container\">\n\t\t\t\t\t<h1 class=\"elementor-heading-title elementor-size-default\">O mnie<\/h1>\t\t\t\t<\/div>\n\t\t\t\t<\/div>\n\t\t\t\t<div class=\"elementor-element elementor-element-21d3c373 elementor-widget-divider--view-line elementor-widget elementor-widget-divider\" data-id=\"21d3c373\" data-element_type=\"widget\" data-e-type=\"widget\" data-widget_type=\"divider.default\">\n\t\t\t\t<div class=\"elementor-widget-container\">\n\t\t\t\t\t\t\t<div class=\"elementor-divider\">\n\t\t\t<span class=\"elementor-divider-separator\">\n\t\t\t\t\t\t<\/span>\n\t\t<\/div>\n\t\t\t\t\t\t<\/div>\n\t\t\t\t<\/div>\n\t\t\t\t<div class=\"elementor-element elementor-element-4a2fa918 elementor-widget__width-initial elementor-widget elementor-widget-text-editor\" data-id=\"4a2fa918\" data-element_type=\"widget\" data-e-type=\"widget\" data-widget_type=\"text-editor.default\">\n\t\t\t\t<div class=\"elementor-widget-container\">\n\t\t\t\t\t\t\t\t\t<p>Jestem menad\u017cerem z blisko <strong>30-letnim do\u015bwiadczeniem<\/strong> w budowaniu i zarz\u0105dzaniu zespo\u0142ami sprzeda\u017cowymi.<\/p><p><strong>Od 2007 roku<\/strong> dzia\u0142am jako trener i coach, realizuj\u0105c projekty szkoleniowo-wdro\u017ceniowe dla firm z r\u00f3\u017cnych bran\u017c. Wypracowa\u0142em skuteczne narz\u0119dzia i mechanizmy, kt\u00f3re realnie podnosz\u0105 efektywno\u015b\u0107 dzia\u0142a\u0144 sprzeda\u017cowych i mened\u017cerskich.<\/p><p>Na swoim koncie mam blisko<strong>\u00a01000 przeprowadzonych szkole\u0144<\/strong> oraz dziesi\u0105tki skutecznych wdro\u017ce\u0144. Dziel\u0119 si\u0119 wiedz\u0105 r\u00f3wnie\u017c jako wyk\u0142adowca na <a href=\"https:\/\/www.merito.pl\/wroclaw\/studia-i-szkolenia\/studia-podyplomowe\/kierunki\/administracja-zarzadzanie-i-organizacja\/wykladowcy\">Uniwersytecie WSB Merito<\/a>\u00a0we Wroc\u0142awiu oraz na <a href=\"https:\/\/www.ue.wroc.pl\/kandydaci\/20739\/sylwetki_prelegentow.html\">Uniwersytecie Ekonomicznym<\/a>.<\/p><p>Pracuj\u0119 zgodnie z zasadami <strong>andragogiki i metod\u0105 Activity Based Learning <\/strong>(ABL) \u2013 ucz\u0119 poprzez praktyk\u0119. Pokazuj\u0119, jak:<\/p><ul><li>by\u0107 skutecznym sprzedawc\u0105,<\/li><li>prowadzi\u0107 negocjacje,<\/li><li>rozwija\u0107 umiej\u0119tno\u015bci interpersonalne,<\/li><li>wyst\u0119powa\u0107 publicznie z pewno\u015bci\u0105 siebie i przekonaniem,<\/li><li>budowa\u0107 autorytet i przewodzi\u0107 zespo\u0142owi jako Lider.<\/li><\/ul><p>W pracy kieruj\u0119 si\u0119 filozofi\u0105 <strong>Lean Management i jestem entuzjast\u0105 Teorii Ogranicze\u0144<\/strong> (TOC), kt\u00f3re pomagaj\u0105 maksymalizowa\u0107 potencja\u0142 ludzi i organizacji.<\/p>\t\t\t\t\t\t\t\t<\/div>\n\t\t\t\t<\/div>\n\t\t\t\t<\/div>\n\t\t<div class=\"elementor-element elementor-element-2ca5d2c0 e-con-full e-flex e-con e-child\" data-id=\"2ca5d2c0\" data-element_type=\"container\" data-e-type=\"container\" data-settings=\"{&quot;background_background&quot;:&quot;classic&quot;}\">\n\t\t\t\t<\/div>\n\t\t\t\t<\/div>\n\t\t<div class=\"elementor-element elementor-element-771db64c e-con-full e-flex e-con e-parent\" data-id=\"771db64c\" data-element_type=\"container\" data-e-type=\"container\">\n\t\t<div class=\"elementor-element elementor-element-94cc8e e-con-full e-flex e-con e-child\" data-id=\"94cc8e\" data-element_type=\"container\" data-e-type=\"container\">\n\t\t\t\t<div class=\"elementor-element elementor-element-4172f58f elementor-pagination-position-inside elementor-widget elementor-widget-image-carousel\" data-id=\"4172f58f\" data-element_type=\"widget\" data-e-type=\"widget\" data-settings=\"{&quot;slides_to_show&quot;:&quot;1&quot;,&quot;navigation&quot;:&quot;dots&quot;,&quot;pause_on_hover&quot;:&quot;no&quot;,&quot;pause_on_interaction&quot;:&quot;no&quot;,&quot;autoplay&quot;:&quot;yes&quot;,&quot;autoplay_speed&quot;:5000,&quot;infinite&quot;:&quot;yes&quot;,&quot;effect&quot;:&quot;slide&quot;,&quot;speed&quot;:500}\" data-widget_type=\"image-carousel.default\">\n\t\t\t\t<div class=\"elementor-widget-container\">\n\t\t\t\t\t\t\t<div class=\"elementor-image-carousel-wrapper swiper\" role=\"region\" aria-roledescription=\"carousel\" aria-label=\"Karuzela obrazk\u00f3w\" dir=\"ltr\">\n\t\t\t<div class=\"elementor-image-carousel swiper-wrapper swiper-image-stretch\" aria-live=\"off\">\n\t\t\t\t\t\t\t\t<div class=\"swiper-slide\" role=\"group\" aria-roledescription=\"slide\" aria-label=\"1 z 1\"><figure class=\"swiper-slide-inner\"><img decoding=\"async\" class=\"swiper-slide-image\" src=\"https:\/\/marekpietkiewicz.pl\/wp-content\/uploads\/2025\/05\/windusrfing-marek-pietkiewicz.webp\" alt=\"windusrfing-marek-pietkiewicz\" \/><\/figure><\/div>\t\t\t<\/div>\n\t\t\t\t\t<\/div>\n\t\t\t\t\t\t<\/div>\n\t\t\t\t<\/div>\n\t\t\t\t<\/div>\n\t\t<div class=\"elementor-element elementor-element-5c54cbf4 e-con-full e-flex e-con e-child\" data-id=\"5c54cbf4\" data-element_type=\"container\" data-e-type=\"container\">\n\t\t\t\t<div class=\"elementor-element elementor-element-3349bbd0 elementor-widget elementor-widget-heading\" data-id=\"3349bbd0\" data-element_type=\"widget\" data-e-type=\"widget\" data-widget_type=\"heading.default\">\n\t\t\t\t<div class=\"elementor-widget-container\">\n\t\t\t\t\t<h2 class=\"elementor-heading-title elementor-size-default\">Moja dewiza<\/h2>\t\t\t\t<\/div>\n\t\t\t\t<\/div>\n\t\t\t\t<div class=\"elementor-element elementor-element-1e9515da elementor-widget elementor-widget-testimonial\" data-id=\"1e9515da\" data-element_type=\"widget\" data-e-type=\"widget\" data-widget_type=\"testimonial.default\">\n\t\t\t\t<div class=\"elementor-widget-container\">\n\t\t\t\t\t\t\t<div class=\"elementor-testimonial-wrapper\">\n\t\t\t\t\t\t\t<div class=\"elementor-testimonial-content\">\"Wiedza, do\u015bwiadczenie i kompetencje to dzi\u015b za ma\u0142o \u2013 wa\u017cniejsze s\u0105 postawa i zaanga\u017cowanie.\u201d<\/div>\n\t\t\t\n\t\t\t\t\t\t<div class=\"elementor-testimonial-meta\">\n\t\t\t\t<div class=\"elementor-testimonial-meta-inner\">\n\t\t\t\t\t\n\t\t\t\t\t\t\t\t\t\t<div class=\"elementor-testimonial-details\">\n\t\t\t\t\t\t\t\t\t\t\t\t\t\t<div class=\"elementor-testimonial-name\">Marek Pietkiewicz<\/div>\n\t\t\t\t\t\t\t\t\t\t\t\t\t\t\t\t\t\t\t<\/div>\n\t\t\t\t\t\t\t\t\t<\/div>\n\t\t\t<\/div>\n\t\t\t\t\t<\/div>\n\t\t\t\t\t\t<\/div>\n\t\t\t\t<\/div>\n\t\t\t\t<div class=\"elementor-element elementor-element-fb77d95 elementor-widget__width-initial elementor-widget elementor-widget-text-editor\" data-id=\"fb77d95\" data-element_type=\"widget\" data-e-type=\"widget\" data-widget_type=\"text-editor.default\">\n\t\t\t\t<div class=\"elementor-widget-container\">\n\t\t\t\t\t\t\t\t\t<p>Prywatnie jestem pasjonatem sport\u00f3w \u2013 <strong data-start=\"1360\" data-end=\"1414\">instruktorem windsurfingu i narciarstwa zjazdowego<\/strong>, kt\u00f3re ucz\u0105 mnie r\u00f3wnowagi, determinacji i ci\u0105g\u0142ego rozwoju \u2013 warto\u015bci, kt\u00f3re przek\u0142adam r\u00f3wnie\u017c na \u017cycie zawodowe.<\/p>\t\t\t\t\t\t\t\t<\/div>\n\t\t\t\t<\/div>\n\t\t\t\t<div class=\"elementor-element elementor-element-d631358 elementor-align-center elementor-invisible elementor-widget elementor-widget-button\" data-id=\"d631358\" data-element_type=\"widget\" data-e-type=\"widget\" data-settings=\"{&quot;_animation&quot;:&quot;fadeInDown&quot;}\" data-widget_type=\"button.default\">\n\t\t\t\t<div class=\"elementor-widget-container\">\n\t\t\t\t\t\t\t\t\t<div class=\"elementor-button-wrapper\">\n\t\t\t\t\t<a class=\"elementor-button elementor-button-link elementor-size-sm\" href=\"https:\/\/marekpietkiewicz.pl\/index.php\/kontakt\/\">\n\t\t\t\t\t\t<span class=\"elementor-button-content-wrapper\">\n\t\t\t\t\t\t\t\t\t<span class=\"elementor-button-text\">Wsp\u00f3\u0142pracuj ze mn\u0105<\/span>\n\t\t\t\t\t<\/span>\n\t\t\t\t\t<\/a>\n\t\t\t\t<\/div>\n\t\t\t\t\t\t\t\t<\/div>\n\t\t\t\t<\/div>\n\t\t\t\t<\/div>\n\t\t\t\t<\/div>\n\t\t<div class=\"elementor-element elementor-element-6dc50d90 e-flex e-con-boxed e-con e-parent\" data-id=\"6dc50d90\" data-element_type=\"container\" data-e-type=\"container\" data-settings=\"{&quot;background_background&quot;:&quot;classic&quot;}\">\n\t\t\t\t\t<div class=\"e-con-inner\">\n\t\t\t\t<div class=\"elementor-element elementor-element-459095c elementor-widget elementor-widget-heading\" data-id=\"459095c\" data-element_type=\"widget\" data-e-type=\"widget\" data-widget_type=\"heading.default\">\n\t\t\t\t<div class=\"elementor-widget-container\">\n\t\t\t\t\t<h2 class=\"elementor-heading-title elementor-size-default\">Szkolenia szyte na miar\u0119<\/h2>\t\t\t\t<\/div>\n\t\t\t\t<\/div>\n\t\t\t\t<div class=\"elementor-element elementor-element-312f1318 elementor-widget__width-initial elementor-widget elementor-widget-text-editor\" data-id=\"312f1318\" data-element_type=\"widget\" data-e-type=\"widget\" data-widget_type=\"text-editor.default\">\n\t\t\t\t<div class=\"elementor-widget-container\">\n\t\t\t\t\t\t\t\t\t<p class=\"\" data-start=\"1585\" data-end=\"1832\">Oferuj\u0119 <strong data-start=\"1593\" data-end=\"1643\">praktyczne, interaktywne szkolenia i warsztaty<\/strong>, dostosowane do potrzeb zespo\u0142\u00f3w handlowych, mened\u017cer\u00f3w oraz lider\u00f3w. Pracuj\u0119 zar\u00f3wno z du\u017cymi organizacjami, jak i mniejszymi firmami, koncentruj\u0105c si\u0119 na realnych wyzwaniach uczestnik\u00f3w.<\/p><p class=\"\" data-start=\"2545\" data-end=\"2680\">Chcesz dowiedzie\u0107 si\u0119 wi\u0119cej lub zapyta\u0107 o dost\u0119pne terminy?<br data-start=\"2605\" data-end=\"2608\" \/><strong data-start=\"2608\" data-end=\"2680\">Zapraszam do kontaktu \u2013 razem mo\u017cemy zbudowa\u0107 skuteczniejszy zesp\u00f3\u0142!<\/strong><\/p>\t\t\t\t\t\t\t\t<\/div>\n\t\t\t\t<\/div>\n\t\t\t\t<div class=\"elementor-element elementor-element-3913940f elementor-align-center elementor-invisible elementor-widget elementor-widget-button\" data-id=\"3913940f\" data-element_type=\"widget\" data-e-type=\"widget\" data-settings=\"{&quot;_animation&quot;:&quot;fadeInDown&quot;}\" data-widget_type=\"button.default\">\n\t\t\t\t<div class=\"elementor-widget-container\">\n\t\t\t\t\t\t\t\t\t<div class=\"elementor-button-wrapper\">\n\t\t\t\t\t<a class=\"elementor-button elementor-button-link elementor-size-sm\" href=\"https:\/\/marekpietkiewicz.pl\/index.php\/szkolenia\/\">\n\t\t\t\t\t\t<span class=\"elementor-button-content-wrapper\">\n\t\t\t\t\t\t\t\t\t<span class=\"elementor-button-text\">Oferta szkole\u0144<\/span>\n\t\t\t\t\t<\/span>\n\t\t\t\t\t<\/a>\n\t\t\t\t<\/div>\n\t\t\t\t\t\t\t\t<\/div>\n\t\t\t\t<\/div>\n\t\t\t\t\t<\/div>\n\t\t\t\t<\/div>\n\t\t\t\t<\/div>\n\t\t","protected":false},"excerpt":{"rendered":"<p>O mnie Jestem menad\u017cerem z blisko 30-letnim do\u015bwiadczeniem w budowaniu i zarz\u0105dzaniu zespo\u0142ami sprzeda\u017cowymi. Od 2007 roku dzia\u0142am jako trener i coach, realizuj\u0105c projekty szkoleniowo-wdro\u017ceniowe dla firm z r\u00f3\u017cnych bran\u017c. Wypracowa\u0142em skuteczne narz\u0119dzia i mechanizmy, kt\u00f3re realnie podnosz\u0105 efektywno\u015b\u0107 dzia\u0142a\u0144 sprzeda\u017cowych i mened\u017cerskich. Na swoim koncie mam blisko\u00a01000 przeprowadzonych szkole\u0144 oraz dziesi\u0105tki skutecznych wdro\u017ce\u0144. Dziel\u0119 [&hellip;]<\/p>\n","protected":false},"author":1,"featured_media":0,"parent":0,"menu_order":0,"comment_status":"closed","ping_status":"closed","template":"elementor_header_footer","meta":{"footnotes":""},"class_list":["post-26","page","type-page","status-publish","hentry"],"_links":{"self":[{"href":"https:\/\/marekpietkiewicz.pl\/index.php\/wp-json\/wp\/v2\/pages\/26","targetHints":{"allow":["GET"]}}],"collection":[{"href":"https:\/\/marekpietkiewicz.pl\/index.php\/wp-json\/wp\/v2\/pages"}],"about":[{"href":"https:\/\/marekpietkiewicz.pl\/index.php\/wp-json\/wp\/v2\/types\/page"}],"author":[{"embeddable":true,"href":"https:\/\/marekpietkiewicz.pl\/index.php\/wp-json\/wp\/v2\/users\/1"}],"replies":[{"embeddable":true,"href":"https:\/\/marekpietkiewicz.pl\/index.php\/wp-json\/wp\/v2\/comments?post=26"}],"version-history":[{"count":47,"href":"https:\/\/marekpietkiewicz.pl\/index.php\/wp-json\/wp\/v2\/pages\/26\/revisions"}],"predecessor-version":[{"id":425,"href":"https:\/\/marekpietkiewicz.pl\/index.php\/wp-json\/wp\/v2\/pages\/26\/revisions\/425"}],"wp:attachment":[{"href":"https:\/\/marekpietkiewicz.pl\/index.php\/wp-json\/wp\/v2\/media?parent=26"}],"curies":[{"name":"wp","href":"https:\/\/api.w.org\/{rel}","templated":true}]}}